{"id":17,"date":"2021-12-04T09:44:56","date_gmt":"2021-12-04T09:44:56","guid":{"rendered":"https:\/\/xstore.8theme.com\/elementor\/demos\/minimal-fashion03\/?page_id=14"},"modified":"2025-10-25T02:15:35","modified_gmt":"2025-10-25T07:15:35","slug":"inicio","status":"publish","type":"page","link":"https:\/\/mirandatelier.com\/en\/","title":{"rendered":"Home"},"content":{"rendered":"<div data-elementor-type=\"wp-page\" data-elementor-id=\"17\" class=\"elementor elementor-17\" data-elementor-post-type=\"page\">\n\t\t\t\t<div class=\"elementor-element elementor-element-239c54b e-con-full e-flex e-con e-parent\" data-id=\"239c54b\" data-element_type=\"container\">\n\t\t\t\t<div class=\"elementor-element elementor-element-23fbb6c elementor-widget elementor-widget-image\" data-id=\"23fbb6c\" data-element_type=\"widget\" data-settings=\"{&quot;sticky&quot;:&quot;top&quot;,&quot;sticky_offset&quot;:201,&quot;sticky_parent&quot;:&quot;yes&quot;,&quot;sticky_on&quot;:[&quot;desktop&quot;,&quot;tablet&quot;,&quot;mobile&quot;],&quot;sticky_effects_offset&quot;:0,&quot;sticky_anchor_link_offset&quot;:0}\" data-widget_type=\"image.default\">\n\t\t\t\t<div class=\"elementor-widget-container\">\n\t\t\t\t\t\t\t\t\t\t\t\t\t\t\t<img loading=\"lazy\" decoding=\"async\" width=\"437\" height=\"161\" src=\"https:\/\/mirandatelier.com\/wp-content\/uploads\/2025\/01\/logo-mrnd_home.svg\" class=\"attachment-large size-large wp-image-2316\" alt=\"\" \/>\t\t\t\t\t\t\t\t\t\t\t\t\t\t\t<\/div>\n\t\t\t\t<\/div>\n\t\t<div class=\"elementor-element elementor-element-1e60bbf e-con-full e-flex e-con e-child\" data-id=\"1e60bbf\" data-element_type=\"container\">\n\t\t<div class=\"elementor-element elementor-element-1eae328 e-con-full e-flex e-con e-child\" data-id=\"1eae328\" data-element_type=\"container\" data-settings=\"{&quot;background_background&quot;:&quot;classic&quot;}\">\n\t\t\t\t<\/div>\n\t\t<div class=\"elementor-element elementor-element-b4f8356 e-con-full e-flex e-con e-child\" data-id=\"b4f8356\" data-element_type=\"container\" data-settings=\"{&quot;background_background&quot;:&quot;classic&quot;}\">\n\t\t\t\t<\/div>\n\t\t\t\t<\/div>\n\t\t<div class=\"elementor-element elementor-element-443eb27 e-flex e-con-boxed e-con e-child\" data-id=\"443eb27\" data-element_type=\"container\">\n\t\t\t\t\t<div class=\"e-con-inner\">\n\t\t\t\t<div class=\"elementor-element elementor-element-72dfaa3 elementor-widget elementor-widget-image\" data-id=\"72dfaa3\" data-element_type=\"widget\" data-widget_type=\"image.default\">\n\t\t\t\t<div class=\"elementor-widget-container\">\n\t\t\t\t\t\t\t\t\t\t\t\t\t\t\t\t<a href=\"https:\/\/mirandatelier.com\/en\/product\/the-alejandra-sandal\/?attribute_pa_talla=36&#038;attribute_pa_color=negro\">\n\t\t\t\t\t\t\t<img loading=\"lazy\" decoding=\"async\" width=\"1169\" height=\"2325\" src=\"https:\/\/mirandatelier.com\/wp-content\/uploads\/2025\/10\/IMG_5522.jpg\" class=\"attachment-full size-full wp-image-3170\" alt=\"Sandalias de cuero\" srcset=\"https:\/\/mirandatelier.com\/wp-content\/uploads\/2025\/10\/IMG_5522.jpg 1169w, https:\/\/mirandatelier.com\/wp-content\/uploads\/2025\/10\/IMG_5522-151x300.jpg 151w, https:\/\/mirandatelier.com\/wp-content\/uploads\/2025\/10\/IMG_5522-515x1024.jpg 515w, https:\/\/mirandatelier.com\/wp-content\/uploads\/2025\/10\/IMG_5522-768x1527.jpg 768w, https:\/\/mirandatelier.com\/wp-content\/uploads\/2025\/10\/IMG_5522-772x1536.jpg 772w, https:\/\/mirandatelier.com\/wp-content\/uploads\/2025\/10\/IMG_5522-1030x2048.jpg 1030w, https:\/\/mirandatelier.com\/wp-content\/uploads\/2025\/10\/IMG_5522-6x12.jpg 6w, https:\/\/mirandatelier.com\/wp-content\/uploads\/2025\/10\/IMG_5522-45x90.jpg 45w, https:\/\/mirandatelier.com\/wp-content\/uploads\/2025\/10\/IMG_5522-600x1193.jpg 600w, https:\/\/mirandatelier.com\/wp-content\/uploads\/2025\/10\/IMG_5522-5x10.jpg 5w\" sizes=\"auto, (max-width: 1169px) 100vw, 1169px\" \/>\t\t\t\t\t\t\t\t<\/a>\n\t\t\t\t\t\t\t\t\t\t\t\t\t\t\t<\/div>\n\t\t\t\t<\/div>\n\t\t\t\t\t<\/div>\n\t\t\t\t<\/div>\n\t\t<div class=\"elementor-element elementor-element-bf88de7 e-flex e-con-boxed e-con e-child\" data-id=\"bf88de7\" data-element_type=\"container\">\n\t\t\t\t\t<div class=\"e-con-inner\">\n\t\t\t\t<div class=\"elementor-element elementor-element-85c24ce elementor-widget elementor-widget-image\" data-id=\"85c24ce\" data-element_type=\"widget\" data-widget_type=\"image.default\">\n\t\t\t\t<div class=\"elementor-widget-container\">\n\t\t\t\t\t\t\t\t\t\t\t\t\t\t\t\t<a href=\"https:\/\/mirandatelier.com\/en\/product\/the-pocket-cross\/?attribute_pa_color=marfil\">\n\t\t\t\t\t\t\t<img loading=\"lazy\" decoding=\"async\" width=\"2560\" height=\"1437\" src=\"https:\/\/mirandatelier.com\/wp-content\/uploads\/2025\/10\/C616F689-BAE0-41DA-B63E-6C8A5E1A244C-2-scaled.jpg\" class=\"attachment-full size-full wp-image-3177\" alt=\"\" srcset=\"https:\/\/mirandatelier.com\/wp-content\/uploads\/2025\/10\/C616F689-BAE0-41DA-B63E-6C8A5E1A244C-2-scaled.jpg 2560w, https:\/\/mirandatelier.com\/wp-content\/uploads\/2025\/10\/C616F689-BAE0-41DA-B63E-6C8A5E1A244C-2-300x168.jpg 300w, https:\/\/mirandatelier.com\/wp-content\/uploads\/2025\/10\/C616F689-BAE0-41DA-B63E-6C8A5E1A244C-2-1024x575.jpg 1024w, https:\/\/mirandatelier.com\/wp-content\/uploads\/2025\/10\/C616F689-BAE0-41DA-B63E-6C8A5E1A244C-2-768x431.jpg 768w, https:\/\/mirandatelier.com\/wp-content\/uploads\/2025\/10\/C616F689-BAE0-41DA-B63E-6C8A5E1A244C-2-1536x862.jpg 1536w, https:\/\/mirandatelier.com\/wp-content\/uploads\/2025\/10\/C616F689-BAE0-41DA-B63E-6C8A5E1A244C-2-2048x1150.jpg 2048w, https:\/\/mirandatelier.com\/wp-content\/uploads\/2025\/10\/C616F689-BAE0-41DA-B63E-6C8A5E1A244C-2-18x10.jpg 18w, https:\/\/mirandatelier.com\/wp-content\/uploads\/2025\/10\/C616F689-BAE0-41DA-B63E-6C8A5E1A244C-2-160x90.jpg 160w, https:\/\/mirandatelier.com\/wp-content\/uploads\/2025\/10\/C616F689-BAE0-41DA-B63E-6C8A5E1A244C-2-600x337.jpg 600w, https:\/\/mirandatelier.com\/wp-content\/uploads\/2025\/10\/C616F689-BAE0-41DA-B63E-6C8A5E1A244C-2-3x2.jpg 3w, https:\/\/mirandatelier.com\/wp-content\/uploads\/2025\/10\/C616F689-BAE0-41DA-B63E-6C8A5E1A244C-2-10x6.jpg 10w\" sizes=\"auto, (max-width: 2560px) 100vw, 2560px\" \/>\t\t\t\t\t\t\t\t<\/a>\n\t\t\t\t\t\t\t\t\t\t\t\t\t\t\t<\/div>\n\t\t\t\t<\/div>\n\t\t\t\t\t<\/div>\n\t\t\t\t<\/div>\n\t\t\t\t<\/div>\n\t\t\t\t<\/div>","protected":false},"excerpt":{"rendered":"","protected":false},"author":1,"featured_media":0,"parent":0,"menu_order":0,"comment_status":"closed","ping_status":"closed","template":"elementor_header_footer","meta":{"_acf_changed":false,"footnotes":""},"class_list":["post-17","page","type-page","status-publish","hentry"],"acf":[],"yoast_head":"<!-- This site is optimized with the Yoast SEO Premium plugin v25.2 (Yoast SEO v25.2) - https:\/\/yoast.com\/wordpress\/plugins\/seo\/ -->\n<title>MIRANDA Atelier \u2013 Zapatos, carteras y accesorios en cuero genuino<\/title>\n<meta name=\"description\" content=\"Descubre MIRANDA Atelier, marca colombiana de zapatos, bolsos y accesorios en cuero genuino. Piezas atemporales dise\u00f1adas para quienes eligen comodidad y estilo para pisar fuerte d\u00eda a d\u00eda.\" \/>\n<meta name=\"robots\" content=\"index, follow, max-snippet:-1, max-image-preview:large, max-video-preview:-1\" \/>\n<link rel=\"canonical\" href=\"https:\/\/darkslateblue-aardvark-801458.hostingersite.com\" \/>\n<meta property=\"og:locale\" content=\"en_US\" \/>\n<meta property=\"og:type\" content=\"article\" \/>\n<meta property=\"og:title\" content=\"Inicio - MIRANDA Atelier\" \/>\n<meta property=\"og:description\" content=\"Marca colombiana de zapatos en piel genuina que combina comodidad, estilo y dise\u00f1o atemporal. Descubre MIRANDA mrnd: step strong, live bold.\" \/>\n<meta property=\"og:url\" content=\"https:\/\/darkslateblue-aardvark-801458.hostingersite.com\" \/>\n<meta property=\"og:site_name\" content=\"MIRANDA Atelier\" \/>\n<meta property=\"article:modified_time\" content=\"2025-10-25T07:15:35+00:00\" \/>\n<meta property=\"og:image\" content=\"https:\/\/mirandatelier.com\/wp-content\/uploads\/2025\/02\/IMG_2838-scaled.jpg\" \/>\n\t<meta property=\"og:image:width\" content=\"2560\" \/>\n\t<meta property=\"og:image:height\" content=\"1438\" \/>\n\t<meta property=\"og:image:type\" content=\"image\/jpeg\" \/>\n<meta name=\"twitter:card\" content=\"summary_large_image\" \/>\n<meta name=\"twitter:label1\" content=\"Est. reading time\" \/>\n\t<meta name=\"twitter:data1\" content=\"1 minute\" \/>\n<script type=\"application\/ld+json\" class=\"yoast-schema-graph\">{\"@context\":\"https:\/\/schema.org\",\"@graph\":[{\"@type\":\"WebPage\",\"@id\":\"https:\/\/mirandatelier.com\/\",\"url\":\"https:\/\/darkslateblue-aardvark-801458.hostingersite.com\",\"name\":\"MIRANDA Atelier \u2013 Zapatos, carteras y accesorios en cuero genuino\",\"isPartOf\":{\"@id\":\"https:\/\/mirandatelier.com\/#website\"},\"primaryImageOfPage\":{\"@id\":\"https:\/\/darkslateblue-aardvark-801458.hostingersite.com#primaryimage\"},\"image\":{\"@id\":\"https:\/\/darkslateblue-aardvark-801458.hostingersite.com#primaryimage\"},\"thumbnailUrl\":\"https:\/\/darkslateblue-aardvark-801458.hostingersite.com\/wp-content\/uploads\/2025\/01\/logo-mrnd_home.svg\",\"datePublished\":\"2021-12-04T09:44:56+00:00\",\"dateModified\":\"2025-10-25T07:15:35+00:00\",\"description\":\"Descubre MIRANDA Atelier, marca colombiana de zapatos, bolsos y accesorios en cuero genuino. Piezas atemporales dise\u00f1adas para quienes eligen comodidad y estilo para pisar fuerte d\u00eda a d\u00eda.\",\"breadcrumb\":{\"@id\":\"https:\/\/darkslateblue-aardvark-801458.hostingersite.com#breadcrumb\"},\"inLanguage\":\"en-US\",\"potentialAction\":[{\"@type\":\"ReadAction\",\"target\":[\"https:\/\/darkslateblue-aardvark-801458.hostingersite.com\"]}]},{\"@type\":\"ImageObject\",\"inLanguage\":\"en-US\",\"@id\":\"https:\/\/darkslateblue-aardvark-801458.hostingersite.com#primaryimage\",\"url\":\"https:\/\/darkslateblue-aardvark-801458.hostingersite.com\/wp-content\/uploads\/2025\/01\/logo-mrnd_home.svg\",\"contentUrl\":\"https:\/\/darkslateblue-aardvark-801458.hostingersite.com\/wp-content\/uploads\/2025\/01\/logo-mrnd_home.svg\"},{\"@type\":\"BreadcrumbList\",\"@id\":\"https:\/\/darkslateblue-aardvark-801458.hostingersite.com#breadcrumb\",\"itemListElement\":[{\"@type\":\"ListItem\",\"position\":1,\"name\":\"Home\",\"item\":\"https:\/\/mirandatelier.com\/\"},{\"@type\":\"ListItem\",\"position\":2,\"name\":\"Inicio\"}]},{\"@type\":\"WebSite\",\"@id\":\"https:\/\/mirandatelier.com\/#website\",\"url\":\"https:\/\/mirandatelier.com\/\",\"name\":\"MIRANDA Atelier\",\"description\":\"step strong, live bold.\",\"publisher\":{\"@id\":\"https:\/\/mirandatelier.com\/#organization\"},\"alternateName\":\"MRND\",\"potentialAction\":[{\"@type\":\"SearchAction\",\"target\":{\"@type\":\"EntryPoint\",\"urlTemplate\":\"https:\/\/mirandatelier.com\/?s={search_term_string}\"},\"query-input\":{\"@type\":\"PropertyValueSpecification\",\"valueRequired\":true,\"valueName\":\"search_term_string\"}}],\"inLanguage\":\"en-US\"},{\"@type\":\"Organization\",\"@id\":\"https:\/\/mirandatelier.com\/#organization\",\"name\":\"MIRANDA Atelier\",\"alternateName\":\"MRND\",\"url\":\"https:\/\/mirandatelier.com\/\",\"logo\":{\"@type\":\"ImageObject\",\"inLanguage\":\"en-US\",\"@id\":\"https:\/\/mirandatelier.com\/#\/schema\/logo\/image\/\",\"url\":\"https:\/\/darkslateblue-aardvark-801458.hostingersite.com\/wp-content\/uploads\/2025\/01\/cropped-icon_miranda.png\",\"contentUrl\":\"https:\/\/darkslateblue-aardvark-801458.hostingersite.com\/wp-content\/uploads\/2025\/01\/cropped-icon_miranda.png\",\"width\":512,\"height\":512,\"caption\":\"MIRANDA Atelier\"},\"image\":{\"@id\":\"https:\/\/mirandatelier.com\/#\/schema\/logo\/image\/\"},\"sameAs\":[\"https:\/\/www.instagram.com\/mirandamrnd_\/\"],\"description\":\"Marca colombiana de zapatos en piel genuina que combina comodidad, estilo y dise\u00f1o atemporal. Descubre MIRANDA mrnd: step strong, live bold.\"}]}<\/script>\n<!-- \/ Yoast SEO Premium plugin. -->","yoast_head_json":{"title":"MIRANDA Atelier \u2013 Zapatos, carteras y accesorios en cuero genuino","description":"Descubre MIRANDA Atelier, marca colombiana de zapatos, bolsos y accesorios en cuero genuino. Piezas atemporales dise\u00f1adas para quienes eligen comodidad y estilo para pisar fuerte d\u00eda a d\u00eda.","robots":{"index":"index","follow":"follow","max-snippet":"max-snippet:-1","max-image-preview":"max-image-preview:large","max-video-preview":"max-video-preview:-1"},"canonical":"https:\/\/darkslateblue-aardvark-801458.hostingersite.com","og_locale":"en_US","og_type":"article","og_title":"Inicio - MIRANDA Atelier","og_description":"Marca colombiana de zapatos en piel genuina que combina comodidad, estilo y dise\u00f1o atemporal. Descubre MIRANDA mrnd: step strong, live bold.","og_url":"https:\/\/darkslateblue-aardvark-801458.hostingersite.com","og_site_name":"MIRANDA Atelier","article_modified_time":"2025-10-25T07:15:35+00:00","og_image":[{"width":2560,"height":1438,"url":"https:\/\/mirandatelier.com\/wp-content\/uploads\/2025\/02\/IMG_2838-scaled.jpg","type":"image\/jpeg"}],"twitter_card":"summary_large_image","twitter_misc":{"Est. reading time":"1 minute"},"schema":{"@context":"https:\/\/schema.org","@graph":[{"@type":"WebPage","@id":"https:\/\/mirandatelier.com\/","url":"https:\/\/darkslateblue-aardvark-801458.hostingersite.com","name":"MIRANDA Atelier \u2013 Zapatos, carteras y accesorios en cuero genuino","isPartOf":{"@id":"https:\/\/mirandatelier.com\/#website"},"primaryImageOfPage":{"@id":"https:\/\/darkslateblue-aardvark-801458.hostingersite.com#primaryimage"},"image":{"@id":"https:\/\/darkslateblue-aardvark-801458.hostingersite.com#primaryimage"},"thumbnailUrl":"https:\/\/darkslateblue-aardvark-801458.hostingersite.com\/wp-content\/uploads\/2025\/01\/logo-mrnd_home.svg","datePublished":"2021-12-04T09:44:56+00:00","dateModified":"2025-10-25T07:15:35+00:00","description":"Descubre MIRANDA Atelier, marca colombiana de zapatos, bolsos y accesorios en cuero genuino. Piezas atemporales dise\u00f1adas para quienes eligen comodidad y estilo para pisar fuerte d\u00eda a d\u00eda.","breadcrumb":{"@id":"https:\/\/darkslateblue-aardvark-801458.hostingersite.com#breadcrumb"},"inLanguage":"en-US","potentialAction":[{"@type":"ReadAction","target":["https:\/\/darkslateblue-aardvark-801458.hostingersite.com"]}]},{"@type":"ImageObject","inLanguage":"en-US","@id":"https:\/\/darkslateblue-aardvark-801458.hostingersite.com#primaryimage","url":"https:\/\/darkslateblue-aardvark-801458.hostingersite.com\/wp-content\/uploads\/2025\/01\/logo-mrnd_home.svg","contentUrl":"https:\/\/darkslateblue-aardvark-801458.hostingersite.com\/wp-content\/uploads\/2025\/01\/logo-mrnd_home.svg"},{"@type":"BreadcrumbList","@id":"https:\/\/darkslateblue-aardvark-801458.hostingersite.com#breadcrumb","itemListElement":[{"@type":"ListItem","position":1,"name":"Home","item":"https:\/\/mirandatelier.com\/"},{"@type":"ListItem","position":2,"name":"Inicio"}]},{"@type":"WebSite","@id":"https:\/\/mirandatelier.com\/#website","url":"https:\/\/mirandatelier.com\/","name":"MIRANDA Atelier","description":"step strong, live bold.","publisher":{"@id":"https:\/\/mirandatelier.com\/#organization"},"alternateName":"MRND","potentialAction":[{"@type":"SearchAction","target":{"@type":"EntryPoint","urlTemplate":"https:\/\/mirandatelier.com\/?s={search_term_string}"},"query-input":{"@type":"PropertyValueSpecification","valueRequired":true,"valueName":"search_term_string"}}],"inLanguage":"en-US"},{"@type":"Organization","@id":"https:\/\/mirandatelier.com\/#organization","name":"MIRANDA Atelier","alternateName":"MRND","url":"https:\/\/mirandatelier.com\/","logo":{"@type":"ImageObject","inLanguage":"en-US","@id":"https:\/\/mirandatelier.com\/#\/schema\/logo\/image\/","url":"https:\/\/darkslateblue-aardvark-801458.hostingersite.com\/wp-content\/uploads\/2025\/01\/cropped-icon_miranda.png","contentUrl":"https:\/\/darkslateblue-aardvark-801458.hostingersite.com\/wp-content\/uploads\/2025\/01\/cropped-icon_miranda.png","width":512,"height":512,"caption":"MIRANDA Atelier"},"image":{"@id":"https:\/\/mirandatelier.com\/#\/schema\/logo\/image\/"},"sameAs":["https:\/\/www.instagram.com\/mirandamrnd_\/"],"description":"Marca colombiana de zapatos en piel genuina que combina comodidad, estilo y dise\u00f1o atemporal. Descubre MIRANDA mrnd: step strong, live bold."}]}},"_links":{"self":[{"href":"https:\/\/mirandatelier.com\/en\/wp-json\/wp\/v2\/pages\/17","targetHints":{"allow":["GET"]}}],"collection":[{"href":"https:\/\/mirandatelier.com\/en\/wp-json\/wp\/v2\/pages"}],"about":[{"href":"https:\/\/mirandatelier.com\/en\/wp-json\/wp\/v2\/types\/page"}],"author":[{"embeddable":true,"href":"https:\/\/mirandatelier.com\/en\/wp-json\/wp\/v2\/users\/1"}],"replies":[{"embeddable":true,"href":"https:\/\/mirandatelier.com\/en\/wp-json\/wp\/v2\/comments?post=17"}],"version-history":[{"count":187,"href":"https:\/\/mirandatelier.com\/en\/wp-json\/wp\/v2\/pages\/17\/revisions"}],"predecessor-version":[{"id":3196,"href":"https:\/\/mirandatelier.com\/en\/wp-json\/wp\/v2\/pages\/17\/revisions\/3196"}],"wp:attachment":[{"href":"https:\/\/mirandatelier.com\/en\/wp-json\/wp\/v2\/media?parent=17"}],"curies":[{"name":"wp","href":"https:\/\/api.w.org\/{rel}","templated":true}]}}