{"id":2576,"date":"2025-01-30T23:40:03","date_gmt":"2025-01-31T04:40:03","guid":{"rendered":"https:\/\/darkslateblue-aardvark-801458.hostingersite.com\/?page_id=2576"},"modified":"2025-06-04T15:13:08","modified_gmt":"2025-06-04T20:13:08","slug":"politica-de-envios","status":"publish","type":"page","link":"https:\/\/mirandatelier.com\/en\/politica-de-envios\/","title":{"rendered":"Shipping policy"},"content":{"rendered":"<div data-elementor-type=\"wp-page\" data-elementor-id=\"2576\" class=\"elementor elementor-2576\" data-elementor-post-type=\"page\">\n\t\t\t\t<div class=\"elementor-element elementor-element-4cb81d6 e-flex e-con-boxed e-con e-parent\" data-id=\"4cb81d6\" data-element_type=\"container\">\n\t\t\t\t\t<div class=\"e-con-inner\">\n\t\t\t\t<div class=\"elementor-element elementor-element-78cf8d0 elementor-widget elementor-widget-heading\" data-id=\"78cf8d0\" data-element_type=\"widget\" data-widget_type=\"heading.default\">\n\t\t\t\t<div class=\"elementor-widget-container\">\n\t\t\t\t\t<h2 class=\"elementor-heading-title elementor-size-default\">Shipping policy<\/h2>\t\t\t\t<\/div>\n\t\t\t\t<\/div>\n\t\t\t\t\t<\/div>\n\t\t\t\t<\/div>\n\t\t<div class=\"elementor-element elementor-element-2076f7f e-flex e-con-boxed e-con e-parent\" data-id=\"2076f7f\" data-element_type=\"container\">\n\t\t\t\t\t<div class=\"e-con-inner\">\n\t\t\t\t<div class=\"elementor-element elementor-element-0d7be07 elementor-widget elementor-widget-text-editor\" data-id=\"0d7be07\" data-element_type=\"widget\" data-widget_type=\"text-editor.default\">\n\t\t\t\t<div class=\"elementor-widget-container\">\n\t\t\t\t\t\t\t\t\t<p><span style=\"font-weight: 400;\">All shipments will be dispatched from our warehouse in Colombia.\u00a0<\/span><span style=\"font-family: inherit; font-size: inherit;\">Las compras online ser\u00e1n procesadas entre 1-3 d\u00edas h\u00e1biles* y enviadas por la transportadora a\u00e9rea de confianza -los tiempos de entrega est\u00e1n sujetos a las operaciones de las transportadoras prestando el servicio de env\u00edo-\u00a0<\/span><\/p><p><span style=\"font-weight: 400;\">Online purchases will be processed within 1-3 business days* and shipped by DHL - delivery times are subject to the operations of the carriers providing the shipping service-\nIt is important that you provide complete information at checkout so that we can notify you in case the carrier has difficulty with delivery-.<\/span><\/p><p><span style=\"font-weight: 400;\">To make an exchange, the customer must send the product to our facilities assuming the cost of transport to and from our facilities.\u00a0<\/span><span style=\"font-family: inherit; font-size: inherit;\">*In case of holidays and sale periods, the delivery may take 2-3 additional days.\u00a0<\/span><\/p><p><span style=\"font-family: inherit; font-size: inherit;\">If you need information about the status of your shipment you can contact us at <\/span><a style=\"font-size: inherit;\" href=\"mailto:info@darkslateblue-aardvark-801458.hostingersite.com\">info@darkslateblue-aardvark-801458.hostingersite.com<\/a><\/p><p><strong>Order cancellations and amendments:<\/strong><\/p><p><span style=\"font-weight: 400;\">Cancellations and amendments cannot be applied once your order has been processed. Please ensure that all information in your order is correct prior to checking out. <\/span><\/p><p><strong>Colombian orders<\/strong><\/p><p><span style=\"font-weight: 400;\">The cost of shipping will be calculated at checkout. Online orders will be processed within 1-3 business days* and shipped by the air carrier - delivery times are subject to the operations of the carriers providing the shipping service-.<\/span><\/p><p><span style=\"font-weight: 400;\">*In case of holidays and discount days, delivery may take 2-3 additional days. Deliveries to rural areas will take 1-2 days longer.<\/span><\/p><p><strong>International Orders<\/strong><\/p><p><span style=\"font-weight: 400;\">Orders from outside Colombia will be shipped via DHL Express. Shipping cost and duties and taxes will be calculated at checkout.<\/span><\/p><p class=\"translation-block\">MIRANDA does not offer complimentary returns or provide return labels for international customers. For more information regarding returns, please visit <\/span><span style=\"font-weight: 400\">our <a href=\"https:\/\/darkslateblue-aardvark-801458.hostingersite.com\/devoluciones\" target=\"_self\">return page<\/a><\/span><span style=\"font-weight: 400\">.<\/span><\/p><p><strong>Impuestos y Aranceles:<\/strong><\/p><p><span style=\"font-weight: 400;\">Orders from outside Colombia will be shipped via DHL Express. Shipping cost and duties and taxes will be calculated at checkout.<\/span><\/p><p><span style=\"font-weight: 400;\">You may have to pay import duties, taxes, brokerage fees, handling fees and\/or other country specific duties to receive your order, these fees are calculated for you at checkout and are shown as part of your total shipping cost.<\/span><\/p><p><span style=\"font-weight: 400;\">The total you pay when completing your order includes all duties and taxes due to local authorities, you will not have to pay any other charges when the package is delivered.<\/span><\/p>\t\t\t\t\t\t\t\t<\/div>\n\t\t\t\t<\/div>\n\t\t\t\t\t<\/div>\n\t\t\t\t<\/div>\n\t\t\t\t<\/div>","protected":false},"excerpt":{"rendered":"<p>Todos los env\u00edos ser\u00e1n despachados desde nuestras instalaciones en Colombia.\u00a0Las compras online ser\u00e1n procesadas entre 1-3 d\u00edas h\u00e1biles* y enviadas por la transportadora a\u00e9rea de&#8230;<\/p>","protected":false},"author":1,"featured_media":0,"parent":0,"menu_order":0,"comment_status":"closed","ping_status":"closed","template":"elementor_header_footer","meta":{"_acf_changed":false,"footnotes":""},"class_list":["post-2576","page","type-page","status-publish","hentry"],"acf":[],"yoast_head":"<!-- This site is optimized with the Yoast SEO Premium plugin v25.2 (Yoast SEO v25.2) - https:\/\/yoast.com\/wordpress\/plugins\/seo\/ -->\n<title>Pol\u00edtica de env\u00edos - MIRANDA Atelier<\/title>\n<meta name=\"description\" content=\"Marca colombiana de zapatos en piel genuina que combina comodidad, estilo y dise\u00f1o atemporal. Descubre MIRANDA mrnd: step strong, live bold.\" \/>\n<meta name=\"robots\" content=\"index, follow, max-snippet:-1, max-image-preview:large, max-video-preview:-1\" \/>\n<link rel=\"canonical\" href=\"https:\/\/mirandatelier.com\/en\/politica-de-envios\/\" \/>\n<meta property=\"og:locale\" content=\"en_US\" \/>\n<meta property=\"og:type\" content=\"article\" \/>\n<meta property=\"og:title\" content=\"Pol\u00edtica de env\u00edos - MIRANDA Atelier\" \/>\n<meta property=\"og:description\" content=\"Marca colombiana de zapatos en piel genuina que combina comodidad, estilo y dise\u00f1o atemporal. Descubre MIRANDA mrnd: step strong, live bold.\" \/>\n<meta property=\"og:url\" content=\"https:\/\/mirandatelier.com\/en\/politica-de-envios\/\" \/>\n<meta property=\"og:site_name\" content=\"MIRANDA Atelier\" \/>\n<meta property=\"article:modified_time\" content=\"2025-06-04T20:13:08+00:00\" \/>\n<meta property=\"og:image\" content=\"https:\/\/mirandatelier.com\/wp-content\/uploads\/2025\/02\/IMG_2838-scaled.jpg\" \/>\n\t<meta property=\"og:image:width\" content=\"2560\" \/>\n\t<meta property=\"og:image:height\" content=\"1438\" \/>\n\t<meta property=\"og:image:type\" content=\"image\/jpeg\" \/>\n<meta name=\"twitter:card\" content=\"summary_large_image\" \/>\n<meta name=\"twitter:label1\" content=\"Est. reading time\" \/>\n\t<meta name=\"twitter:data1\" content=\"2 minutes\" \/>\n<script type=\"application\/ld+json\" class=\"yoast-schema-graph\">{\"@context\":\"https:\/\/schema.org\",\"@graph\":[{\"@type\":\"WebPage\",\"@id\":\"https:\/\/mirandatelier.com\/politica-de-envios\/\",\"url\":\"https:\/\/mirandatelier.com\/politica-de-envios\/\",\"name\":\"Pol\u00edtica de env\u00edos - MIRANDA Atelier\",\"isPartOf\":{\"@id\":\"https:\/\/mirandatelier.com\/#website\"},\"datePublished\":\"2025-01-31T04:40:03+00:00\",\"dateModified\":\"2025-06-04T20:13:08+00:00\",\"description\":\"Marca colombiana de zapatos en piel genuina que combina comodidad, estilo y dise\u00f1o atemporal. Descubre MIRANDA mrnd: step strong, live bold.\",\"breadcrumb\":{\"@id\":\"https:\/\/mirandatelier.com\/politica-de-envios\/#breadcrumb\"},\"inLanguage\":\"en-US\",\"potentialAction\":[{\"@type\":\"ReadAction\",\"target\":[\"https:\/\/mirandatelier.com\/politica-de-envios\/\"]}]},{\"@type\":\"BreadcrumbList\",\"@id\":\"https:\/\/mirandatelier.com\/politica-de-envios\/#breadcrumb\",\"itemListElement\":[{\"@type\":\"ListItem\",\"position\":1,\"name\":\"Home\",\"item\":\"https:\/\/mirandatelier.com\/\"},{\"@type\":\"ListItem\",\"position\":2,\"name\":\"Pol\u00edtica de env\u00edos\"}]},{\"@type\":\"WebSite\",\"@id\":\"https:\/\/mirandatelier.com\/#website\",\"url\":\"https:\/\/mirandatelier.com\/\",\"name\":\"MIRANDA Atelier\",\"description\":\"step strong, live bold.\",\"publisher\":{\"@id\":\"https:\/\/mirandatelier.com\/#organization\"},\"alternateName\":\"MRND\",\"potentialAction\":[{\"@type\":\"SearchAction\",\"target\":{\"@type\":\"EntryPoint\",\"urlTemplate\":\"https:\/\/mirandatelier.com\/?s={search_term_string}\"},\"query-input\":{\"@type\":\"PropertyValueSpecification\",\"valueRequired\":true,\"valueName\":\"search_term_string\"}}],\"inLanguage\":\"en-US\"},{\"@type\":\"Organization\",\"@id\":\"https:\/\/mirandatelier.com\/#organization\",\"name\":\"MIRANDA Atelier\",\"alternateName\":\"MRND\",\"url\":\"https:\/\/mirandatelier.com\/\",\"logo\":{\"@type\":\"ImageObject\",\"inLanguage\":\"en-US\",\"@id\":\"https:\/\/mirandatelier.com\/#\/schema\/logo\/image\/\",\"url\":\"https:\/\/darkslateblue-aardvark-801458.hostingersite.com\/wp-content\/uploads\/2025\/01\/cropped-icon_miranda.png\",\"contentUrl\":\"https:\/\/darkslateblue-aardvark-801458.hostingersite.com\/wp-content\/uploads\/2025\/01\/cropped-icon_miranda.png\",\"width\":512,\"height\":512,\"caption\":\"MIRANDA Atelier\"},\"image\":{\"@id\":\"https:\/\/mirandatelier.com\/#\/schema\/logo\/image\/\"},\"sameAs\":[\"https:\/\/www.instagram.com\/mirandamrnd_\/\"],\"description\":\"Marca colombiana de zapatos en piel genuina que combina comodidad, estilo y dise\u00f1o atemporal. Descubre MIRANDA mrnd: step strong, live bold.\"}]}<\/script>\n<!-- \/ Yoast SEO Premium plugin. -->","yoast_head_json":{"title":"Pol\u00edtica de env\u00edos - MIRANDA Atelier","description":"Marca colombiana de zapatos en piel genuina que combina comodidad, estilo y dise\u00f1o atemporal. Descubre MIRANDA mrnd: step strong, live bold.","robots":{"index":"index","follow":"follow","max-snippet":"max-snippet:-1","max-image-preview":"max-image-preview:large","max-video-preview":"max-video-preview:-1"},"canonical":"https:\/\/mirandatelier.com\/en\/politica-de-envios\/","og_locale":"en_US","og_type":"article","og_title":"Pol\u00edtica de env\u00edos - MIRANDA Atelier","og_description":"Marca colombiana de zapatos en piel genuina que combina comodidad, estilo y dise\u00f1o atemporal. Descubre MIRANDA mrnd: step strong, live bold.","og_url":"https:\/\/mirandatelier.com\/en\/politica-de-envios\/","og_site_name":"MIRANDA Atelier","article_modified_time":"2025-06-04T20:13:08+00:00","og_image":[{"width":2560,"height":1438,"url":"https:\/\/mirandatelier.com\/wp-content\/uploads\/2025\/02\/IMG_2838-scaled.jpg","type":"image\/jpeg"}],"twitter_card":"summary_large_image","twitter_misc":{"Est. reading time":"2 minutes"},"schema":{"@context":"https:\/\/schema.org","@graph":[{"@type":"WebPage","@id":"https:\/\/mirandatelier.com\/politica-de-envios\/","url":"https:\/\/mirandatelier.com\/politica-de-envios\/","name":"Pol\u00edtica de env\u00edos - MIRANDA Atelier","isPartOf":{"@id":"https:\/\/mirandatelier.com\/#website"},"datePublished":"2025-01-31T04:40:03+00:00","dateModified":"2025-06-04T20:13:08+00:00","description":"Marca colombiana de zapatos en piel genuina que combina comodidad, estilo y dise\u00f1o atemporal. Descubre MIRANDA mrnd: step strong, live bold.","breadcrumb":{"@id":"https:\/\/mirandatelier.com\/politica-de-envios\/#breadcrumb"},"inLanguage":"en-US","potentialAction":[{"@type":"ReadAction","target":["https:\/\/mirandatelier.com\/politica-de-envios\/"]}]},{"@type":"BreadcrumbList","@id":"https:\/\/mirandatelier.com\/politica-de-envios\/#breadcrumb","itemListElement":[{"@type":"ListItem","position":1,"name":"Home","item":"https:\/\/mirandatelier.com\/"},{"@type":"ListItem","position":2,"name":"Pol\u00edtica de env\u00edos"}]},{"@type":"WebSite","@id":"https:\/\/mirandatelier.com\/#website","url":"https:\/\/mirandatelier.com\/","name":"MIRANDA Atelier","description":"step strong, live bold.","publisher":{"@id":"https:\/\/mirandatelier.com\/#organization"},"alternateName":"MRND","potentialAction":[{"@type":"SearchAction","target":{"@type":"EntryPoint","urlTemplate":"https:\/\/mirandatelier.com\/?s={search_term_string}"},"query-input":{"@type":"PropertyValueSpecification","valueRequired":true,"valueName":"search_term_string"}}],"inLanguage":"en-US"},{"@type":"Organization","@id":"https:\/\/mirandatelier.com\/#organization","name":"MIRANDA Atelier","alternateName":"MRND","url":"https:\/\/mirandatelier.com\/","logo":{"@type":"ImageObject","inLanguage":"en-US","@id":"https:\/\/mirandatelier.com\/#\/schema\/logo\/image\/","url":"https:\/\/darkslateblue-aardvark-801458.hostingersite.com\/wp-content\/uploads\/2025\/01\/cropped-icon_miranda.png","contentUrl":"https:\/\/darkslateblue-aardvark-801458.hostingersite.com\/wp-content\/uploads\/2025\/01\/cropped-icon_miranda.png","width":512,"height":512,"caption":"MIRANDA Atelier"},"image":{"@id":"https:\/\/mirandatelier.com\/#\/schema\/logo\/image\/"},"sameAs":["https:\/\/www.instagram.com\/mirandamrnd_\/"],"description":"Marca colombiana de zapatos en piel genuina que combina comodidad, estilo y dise\u00f1o atemporal. Descubre MIRANDA mrnd: step strong, live bold."}]}},"_links":{"self":[{"href":"https:\/\/mirandatelier.com\/en\/wp-json\/wp\/v2\/pages\/2576","targetHints":{"allow":["GET"]}}],"collection":[{"href":"https:\/\/mirandatelier.com\/en\/wp-json\/wp\/v2\/pages"}],"about":[{"href":"https:\/\/mirandatelier.com\/en\/wp-json\/wp\/v2\/types\/page"}],"author":[{"embeddable":true,"href":"https:\/\/mirandatelier.com\/en\/wp-json\/wp\/v2\/users\/1"}],"replies":[{"embeddable":true,"href":"https:\/\/mirandatelier.com\/en\/wp-json\/wp\/v2\/comments?post=2576"}],"version-history":[{"count":25,"href":"https:\/\/mirandatelier.com\/en\/wp-json\/wp\/v2\/pages\/2576\/revisions"}],"predecessor-version":[{"id":2848,"href":"https:\/\/mirandatelier.com\/en\/wp-json\/wp\/v2\/pages\/2576\/revisions\/2848"}],"wp:attachment":[{"href":"https:\/\/mirandatelier.com\/en\/wp-json\/wp\/v2\/media?parent=2576"}],"curies":[{"name":"wp","href":"https:\/\/api.w.org\/{rel}","templated":true}]}}