{"id":32,"date":"2021-12-04T09:58:57","date_gmt":"2021-12-04T09:58:57","guid":{"rendered":"https:\/\/xstore.8theme.com\/elementor\/demos\/minimal-fashion03\/?page_id=32"},"modified":"2025-06-04T15:10:29","modified_gmt":"2025-06-04T20:10:29","slug":"contacto","status":"publish","type":"page","link":"https:\/\/mirandatelier.com\/en\/contacto\/","title":{"rendered":"Contact"},"content":{"rendered":"<div data-elementor-type=\"wp-page\" data-elementor-id=\"32\" class=\"elementor elementor-32\" data-elementor-post-type=\"page\">\n\t\t\t\t<div class=\"elementor-element elementor-element-92ef303 e-flex e-con-boxed e-con e-parent\" data-id=\"92ef303\" data-element_type=\"container\">\n\t\t\t\t\t<div class=\"e-con-inner\">\n\t\t<div class=\"elementor-element elementor-element-a261287 e-con-full e-flex e-con e-child\" data-id=\"a261287\" data-element_type=\"container\">\n\t\t\t\t<div class=\"elementor-element elementor-element-c5564de elementor-widget elementor-widget-heading\" data-id=\"c5564de\" data-element_type=\"widget\" data-widget_type=\"heading.default\">\n\t\t\t\t<div class=\"elementor-widget-container\">\n\t\t\t\t\t<h2 class=\"elementor-heading-title elementor-size-default\">Contact<\/h2>\t\t\t\t<\/div>\n\t\t\t\t<\/div>\n\t\t\t\t<div class=\"elementor-element elementor-element-e799690 elementor-widget elementor-widget-text-editor\" data-id=\"e799690\" data-element_type=\"widget\" data-widget_type=\"text-editor.default\">\n\t\t\t\t<div class=\"elementor-widget-container\">\n\t\t\t\t\t\t\t\t\t<p>If you need help, you can leave us a message or contact us via:<\/p>\t\t\t\t\t\t\t\t<\/div>\n\t\t\t\t<\/div>\n\t\t<div class=\"elementor-element elementor-element-db0d1fa e-con-full e-flex e-con e-child\" data-id=\"db0d1fa\" data-element_type=\"container\">\n\t\t\t\t<div class=\"elementor-element elementor-element-4b2a3ed elementor-position-left elementor-mobile-position-left elementor-view-default elementor-widget elementor-widget-icon-box\" data-id=\"4b2a3ed\" data-element_type=\"widget\" data-widget_type=\"icon-box.default\">\n\t\t\t\t<div class=\"elementor-widget-container\">\n\t\t\t\t\t\t\t<div class=\"elementor-icon-box-wrapper\">\n\n\t\t\t\t\t\t<div class=\"elementor-icon-box-icon\">\n\t\t\t\t<span  class=\"elementor-icon\">\n\t\t\t\t<i aria-hidden=\"true\" class=\"et-icon et-message\"><\/i>\t\t\t\t<\/span>\n\t\t\t<\/div>\n\t\t\t\n\t\t\t\t\t\t<div class=\"elementor-icon-box-content\">\n\n\t\t\t\t\t\t\t\t\t<div class=\"elementor-icon-box-title\">\n\t\t\t\t\t\t<span  >\n\t\t\t\t\t\t\tEmail\t\t\t\t\t\t<\/span>\n\t\t\t\t\t<\/div>\n\t\t\t\t\n\t\t\t\t\n\t\t\t<\/div>\n\t\t\t\n\t\t<\/div>\n\t\t\t\t\t\t<\/div>\n\t\t\t\t<\/div>\n\t\t\t\t<div class=\"elementor-element elementor-element-611c25e elementor-widget elementor-widget-text-editor\" data-id=\"611c25e\" data-element_type=\"widget\" data-widget_type=\"text-editor.default\">\n\t\t\t\t<div class=\"elementor-widget-container\">\n\t\t\t\t\t\t\t\t\t<p>info@darkslateblue-aardvark-801458.hostingersite.com<\/p>\t\t\t\t\t\t\t\t<\/div>\n\t\t\t\t<\/div>\n\t\t\t\t<\/div>\n\t\t<div class=\"elementor-element elementor-element-733ead8 e-con-full e-flex e-con e-child\" data-id=\"733ead8\" data-element_type=\"container\">\n\t\t\t\t<div class=\"elementor-element elementor-element-5381be6 elementor-position-left elementor-mobile-position-left elementor-view-default elementor-widget elementor-widget-icon-box\" data-id=\"5381be6\" data-element_type=\"widget\" data-widget_type=\"icon-box.default\">\n\t\t\t\t<div class=\"elementor-widget-container\">\n\t\t\t\t\t\t\t<div class=\"elementor-icon-box-wrapper\">\n\n\t\t\t\t\t\t<div class=\"elementor-icon-box-icon\">\n\t\t\t\t<span  class=\"elementor-icon\">\n\t\t\t\t<svg aria-hidden=\"true\" class=\"e-font-icon-svg e-fab-whatsapp\" viewbox=\"0 0 448 512\" xmlns=\"http:\/\/www.w3.org\/2000\/svg\"><path d=\"M380.9 97.1C339 55.1 283.2 32 223.9 32c-122.4 0-222 99.6-222 222 0 39.1 10.2 77.3 29.6 111L0 480l117.7-30.9c32.4 17.7 68.9 27 106.1 27h.1c122.3 0 224.1-99.6 224.1-222 0-59.3-25.2-115-67.1-157zm-157 341.6c-33.2 0-65.7-8.9-94-25.7l-6.7-4-69.8 18.3L72 359.2l-4.4-7c-18.5-29.4-28.2-63.3-28.2-98.2 0-101.7 82.8-184.5 184.6-184.5 49.3 0 95.6 19.2 130.4 54.1 34.8 34.9 56.2 81.2 56.1 130.5 0 101.8-84.9 184.6-186.6 184.6zm101.2-138.2c-5.5-2.8-32.8-16.2-37.9-18-5.1-1.9-8.8-2.8-12.5 2.8-3.7 5.6-14.3 18-17.6 21.8-3.2 3.7-6.5 4.2-12 1.4-32.6-16.3-54-29.1-75.5-66-5.7-9.8 5.7-9.1 16.3-30.3 1.8-3.7.9-6.9-.5-9.7-1.4-2.8-12.5-30.1-17.1-41.2-4.5-10.8-9.1-9.3-12.5-9.5-3.2-.2-6.9-.2-10.6-.2-3.7 0-9.7 1.4-14.8 6.9-5.1 5.6-19.4 19-19.4 46.3 0 27.3 19.9 53.7 22.6 57.4 2.8 3.7 39.1 59.7 94.8 83.8 35.2 15.2 49 16.5 66.6 13.9 10.7-1.6 32.8-13.4 37.4-26.4 4.6-13 4.6-24.1 3.2-26.4-1.3-2.5-5-3.9-10.5-6.6z\"><\/path><\/svg>\t\t\t\t<\/span>\n\t\t\t<\/div>\n\t\t\t\n\t\t\t\t\t\t<div class=\"elementor-icon-box-content\">\n\n\t\t\t\t\t\t\t\t\t<div class=\"elementor-icon-box-title\">\n\t\t\t\t\t\t<span  >\n\t\t\t\t\t\t\tPhone\t\t\t\t\t\t<\/span>\n\t\t\t\t\t<\/div>\n\t\t\t\t\n\t\t\t\t\n\t\t\t<\/div>\n\t\t\t\n\t\t<\/div>\n\t\t\t\t\t\t<\/div>\n\t\t\t\t<\/div>\n\t\t\t\t<div class=\"elementor-element elementor-element-e65edf8 elementor-widget elementor-widget-text-editor\" data-id=\"e65edf8\" data-element_type=\"widget\" data-widget_type=\"text-editor.default\">\n\t\t\t\t<div class=\"elementor-widget-container\">\n\t\t\t\t\t\t\t\t\t<p><a href=\"https:\/\/api.whatsapp.com\/send?phone=573008368603\">+57 <span style=\"font-weight: 400;\">300 836 8603<\/span><\/a><\/p>\t\t\t\t\t\t\t\t<\/div>\n\t\t\t\t<\/div>\n\t\t\t\t<\/div>\n\t\t\t\t<\/div>\n\t\t<div class=\"elementor-element elementor-element-c9c72ef e-con-full e-flex e-con e-child\" data-id=\"c9c72ef\" data-element_type=\"container\">\n\t\t\t\t<div class=\"elementor-element elementor-element-f280fdd etheme-contact-form-7-button-custom elementor-widget elementor-widget-et-contact-form-7\" data-id=\"f280fdd\" data-element_type=\"widget\" data-widget_type=\"et-contact-form-7.default\">\n\t\t\t\t<div class=\"elementor-widget-container\">\n\t\t\t\t\t                <div class=\"pp-contact-form etheme-contact-form-7 placeholder-show\">\r\n                                        \n<div class=\"wpcf7 no-js\" id=\"wpcf7-f2457-o1\" lang=\"es-ES\" dir=\"ltr\" data-wpcf7-id=\"2457\">\n<div class=\"screen-reader-response\"><p role=\"status\" aria-live=\"polite\" aria-atomic=\"true\"><\/p> <ul><\/ul><\/div>\n<form action=\"\/en\/wp-json\/wp\/v2\/pages\/32#wpcf7-f2457-o1\" method=\"post\" class=\"wpcf7-form init\" aria-label=\"Formulario de contacto\" novalidate=\"novalidate\" data-status=\"init\" data-trp-original-action=\"\/en\/wp-json\/wp\/v2\/pages\/32#wpcf7-f2457-o1\">\n<div style=\"display: none;\">\n<input type=\"hidden\" name=\"_wpcf7\" value=\"2457\" \/>\n<input type=\"hidden\" name=\"_wpcf7_version\" value=\"6.0.6\" \/>\n<input type=\"hidden\" name=\"_wpcf7_locale\" value=\"es_ES\" \/>\n<input type=\"hidden\" name=\"_wpcf7_unit_tag\" value=\"wpcf7-f2457-o1\" \/>\n<input type=\"hidden\" name=\"_wpcf7_container_post\" value=\"0\" \/>\n<input type=\"hidden\" name=\"_wpcf7_posted_data_hash\" value=\"\" \/>\n<\/div>\n<p><label> Name<br \/>\n<span class=\"wpcf7-form-control-wrap\" data-name=\"your-name\"><input size=\"40\" maxlength=\"400\" class=\"wpcf7-form-control wpcf7-text wpcf7-validates-as-required\" autocomplete=\"name\" aria-required=\"true\" aria-invalid=\"false\" value=\"\" type=\"text\" name=\"your-name\" \/><\/span> <\/label>\n<\/p>\n<p><label> Email<br \/>\n<span class=\"wpcf7-form-control-wrap\" data-name=\"your-email\"><input size=\"40\" maxlength=\"400\" class=\"wpcf7-form-control wpcf7-email wpcf7-validates-as-required wpcf7-text wpcf7-validates-as-email\" autocomplete=\"email\" aria-required=\"true\" aria-invalid=\"false\" value=\"\" type=\"email\" name=\"your-email\" \/><\/span> <\/label>\n<\/p>\n<p><label> Subject<br \/>\n<span class=\"wpcf7-form-control-wrap\" data-name=\"your-subject\"><input size=\"40\" maxlength=\"400\" class=\"wpcf7-form-control wpcf7-text wpcf7-validates-as-required\" aria-required=\"true\" aria-invalid=\"false\" value=\"\" type=\"text\" name=\"your-subject\" \/><\/span> <\/label>\n<\/p>\n<p><label> Your message<br \/>\n<span class=\"wpcf7-form-control-wrap\" data-name=\"your-message\"><textarea cols=\"40\" rows=\"10\" maxlength=\"2000\" class=\"wpcf7-form-control wpcf7-textarea\" aria-invalid=\"false\" name=\"your-message\"><\/textarea><\/span> <\/label>\n<\/p>\n<p><input class=\"wpcf7-form-control wpcf7-submit has-spinner\" type=\"submit\" value=\"Send\" \/>\n<\/p><div class=\"wpcf7-response-output\" aria-hidden=\"true\"><\/div>\n<input type=\"hidden\" name=\"trp-form-language\" value=\"en\"\/><\/form>\n<\/div>\n                <\/div>\r\n                \t\t\t\t<\/div>\n\t\t\t\t<\/div>\n\t\t\t\t<\/div>\n\t\t\t\t\t<\/div>\n\t\t\t\t<\/div>\n\t\t\t\t<\/div>","protected":false},"excerpt":{"rendered":"<p>Contacto Si necesitas ayuda, puedes dejarnos un mensaje o contactarnos v\u00eda: Correo electr\u00f3nico info@darkslateblue-aardvark-801458.hostingersite.com TEL\u00c9FONO +57 300 836 8603 Tu nombre Tu correo electr\u00f3nico Asunto&#8230;<\/p>","protected":false},"author":1,"featured_media":0,"parent":0,"menu_order":0,"comment_status":"closed","ping_status":"closed","template":"elementor_header_footer","meta":{"_acf_changed":false,"footnotes":""},"class_list":["post-32","page","type-page","status-publish","hentry"],"acf":[],"yoast_head":"<!-- This site is optimized with the Yoast SEO Premium plugin v25.2 (Yoast SEO v25.2) - https:\/\/yoast.com\/wordpress\/plugins\/seo\/ -->\n<title>Contacto - MIRANDA Atelier<\/title>\n<meta name=\"description\" content=\"Marca colombiana de zapatos en piel genuina que combina comodidad, estilo y dise\u00f1o atemporal. Descubre MIRANDA mrnd: step strong, live bold.\" \/>\n<meta name=\"robots\" content=\"index, follow, max-snippet:-1, max-image-preview:large, max-video-preview:-1\" \/>\n<link rel=\"canonical\" href=\"https:\/\/mirandatelier.com\/en\/contacto\/\" \/>\n<meta property=\"og:locale\" content=\"en_US\" \/>\n<meta property=\"og:type\" content=\"article\" \/>\n<meta property=\"og:title\" content=\"Contacto - MIRANDA Atelier\" \/>\n<meta property=\"og:description\" content=\"Marca colombiana de zapatos en piel genuina que combina comodidad, estilo y dise\u00f1o atemporal. Descubre MIRANDA mrnd: step strong, live bold.\" \/>\n<meta property=\"og:url\" content=\"https:\/\/mirandatelier.com\/en\/contacto\/\" \/>\n<meta property=\"og:site_name\" content=\"MIRANDA Atelier\" \/>\n<meta property=\"article:modified_time\" content=\"2025-06-04T20:10:29+00:00\" \/>\n<meta property=\"og:image\" content=\"https:\/\/mirandatelier.com\/wp-content\/uploads\/2025\/02\/IMG_2838-scaled.jpg\" \/>\n\t<meta property=\"og:image:width\" content=\"2560\" \/>\n\t<meta property=\"og:image:height\" content=\"1438\" \/>\n\t<meta property=\"og:image:type\" content=\"image\/jpeg\" \/>\n<meta name=\"twitter:card\" content=\"summary_large_image\" \/>\n<meta name=\"twitter:label1\" content=\"Est. reading time\" \/>\n\t<meta name=\"twitter:data1\" content=\"1 minute\" \/>\n<script type=\"application\/ld+json\" class=\"yoast-schema-graph\">{\"@context\":\"https:\/\/schema.org\",\"@graph\":[{\"@type\":\"WebPage\",\"@id\":\"https:\/\/mirandatelier.com\/contacto\/\",\"url\":\"https:\/\/mirandatelier.com\/contacto\/\",\"name\":\"Contacto - MIRANDA Atelier\",\"isPartOf\":{\"@id\":\"https:\/\/mirandatelier.com\/#website\"},\"datePublished\":\"2021-12-04T09:58:57+00:00\",\"dateModified\":\"2025-06-04T20:10:29+00:00\",\"description\":\"Marca colombiana de zapatos en piel genuina que combina comodidad, estilo y dise\u00f1o atemporal. Descubre MIRANDA mrnd: step strong, live bold.\",\"breadcrumb\":{\"@id\":\"https:\/\/mirandatelier.com\/contacto\/#breadcrumb\"},\"inLanguage\":\"en-US\",\"potentialAction\":[{\"@type\":\"ReadAction\",\"target\":[\"https:\/\/mirandatelier.com\/contacto\/\"]}]},{\"@type\":\"BreadcrumbList\",\"@id\":\"https:\/\/mirandatelier.com\/contacto\/#breadcrumb\",\"itemListElement\":[{\"@type\":\"ListItem\",\"position\":1,\"name\":\"Home\",\"item\":\"https:\/\/mirandatelier.com\/\"},{\"@type\":\"ListItem\",\"position\":2,\"name\":\"Contacto\"}]},{\"@type\":\"WebSite\",\"@id\":\"https:\/\/mirandatelier.com\/#website\",\"url\":\"https:\/\/mirandatelier.com\/\",\"name\":\"MIRANDA Atelier\",\"description\":\"step strong, live bold.\",\"publisher\":{\"@id\":\"https:\/\/mirandatelier.com\/#organization\"},\"alternateName\":\"MRND\",\"potentialAction\":[{\"@type\":\"SearchAction\",\"target\":{\"@type\":\"EntryPoint\",\"urlTemplate\":\"https:\/\/mirandatelier.com\/?s={search_term_string}\"},\"query-input\":{\"@type\":\"PropertyValueSpecification\",\"valueRequired\":true,\"valueName\":\"search_term_string\"}}],\"inLanguage\":\"en-US\"},{\"@type\":\"Organization\",\"@id\":\"https:\/\/mirandatelier.com\/#organization\",\"name\":\"MIRANDA Atelier\",\"alternateName\":\"MRND\",\"url\":\"https:\/\/mirandatelier.com\/\",\"logo\":{\"@type\":\"ImageObject\",\"inLanguage\":\"en-US\",\"@id\":\"https:\/\/mirandatelier.com\/#\/schema\/logo\/image\/\",\"url\":\"https:\/\/darkslateblue-aardvark-801458.hostingersite.com\/wp-content\/uploads\/2025\/01\/cropped-icon_miranda.png\",\"contentUrl\":\"https:\/\/darkslateblue-aardvark-801458.hostingersite.com\/wp-content\/uploads\/2025\/01\/cropped-icon_miranda.png\",\"width\":512,\"height\":512,\"caption\":\"MIRANDA Atelier\"},\"image\":{\"@id\":\"https:\/\/mirandatelier.com\/#\/schema\/logo\/image\/\"},\"sameAs\":[\"https:\/\/www.instagram.com\/mirandamrnd_\/\"],\"description\":\"Marca colombiana de zapatos en piel genuina que combina comodidad, estilo y dise\u00f1o atemporal. Descubre MIRANDA mrnd: step strong, live bold.\"}]}<\/script>\n<!-- \/ Yoast SEO Premium plugin. -->","yoast_head_json":{"title":"Contacto - MIRANDA Atelier","description":"Marca colombiana de zapatos en piel genuina que combina comodidad, estilo y dise\u00f1o atemporal. Descubre MIRANDA mrnd: step strong, live bold.","robots":{"index":"index","follow":"follow","max-snippet":"max-snippet:-1","max-image-preview":"max-image-preview:large","max-video-preview":"max-video-preview:-1"},"canonical":"https:\/\/mirandatelier.com\/en\/contacto\/","og_locale":"en_US","og_type":"article","og_title":"Contacto - MIRANDA Atelier","og_description":"Marca colombiana de zapatos en piel genuina que combina comodidad, estilo y dise\u00f1o atemporal. Descubre MIRANDA mrnd: step strong, live bold.","og_url":"https:\/\/mirandatelier.com\/en\/contacto\/","og_site_name":"MIRANDA Atelier","article_modified_time":"2025-06-04T20:10:29+00:00","og_image":[{"width":2560,"height":1438,"url":"https:\/\/mirandatelier.com\/wp-content\/uploads\/2025\/02\/IMG_2838-scaled.jpg","type":"image\/jpeg"}],"twitter_card":"summary_large_image","twitter_misc":{"Est. reading time":"1 minute"},"schema":{"@context":"https:\/\/schema.org","@graph":[{"@type":"WebPage","@id":"https:\/\/mirandatelier.com\/contacto\/","url":"https:\/\/mirandatelier.com\/contacto\/","name":"Contacto - MIRANDA Atelier","isPartOf":{"@id":"https:\/\/mirandatelier.com\/#website"},"datePublished":"2021-12-04T09:58:57+00:00","dateModified":"2025-06-04T20:10:29+00:00","description":"Marca colombiana de zapatos en piel genuina que combina comodidad, estilo y dise\u00f1o atemporal. Descubre MIRANDA mrnd: step strong, live bold.","breadcrumb":{"@id":"https:\/\/mirandatelier.com\/contacto\/#breadcrumb"},"inLanguage":"en-US","potentialAction":[{"@type":"ReadAction","target":["https:\/\/mirandatelier.com\/contacto\/"]}]},{"@type":"BreadcrumbList","@id":"https:\/\/mirandatelier.com\/contacto\/#breadcrumb","itemListElement":[{"@type":"ListItem","position":1,"name":"Home","item":"https:\/\/mirandatelier.com\/"},{"@type":"ListItem","position":2,"name":"Contacto"}]},{"@type":"WebSite","@id":"https:\/\/mirandatelier.com\/#website","url":"https:\/\/mirandatelier.com\/","name":"MIRANDA Atelier","description":"step strong, live bold.","publisher":{"@id":"https:\/\/mirandatelier.com\/#organization"},"alternateName":"MRND","potentialAction":[{"@type":"SearchAction","target":{"@type":"EntryPoint","urlTemplate":"https:\/\/mirandatelier.com\/?s={search_term_string}"},"query-input":{"@type":"PropertyValueSpecification","valueRequired":true,"valueName":"search_term_string"}}],"inLanguage":"en-US"},{"@type":"Organization","@id":"https:\/\/mirandatelier.com\/#organization","name":"MIRANDA Atelier","alternateName":"MRND","url":"https:\/\/mirandatelier.com\/","logo":{"@type":"ImageObject","inLanguage":"en-US","@id":"https:\/\/mirandatelier.com\/#\/schema\/logo\/image\/","url":"https:\/\/darkslateblue-aardvark-801458.hostingersite.com\/wp-content\/uploads\/2025\/01\/cropped-icon_miranda.png","contentUrl":"https:\/\/darkslateblue-aardvark-801458.hostingersite.com\/wp-content\/uploads\/2025\/01\/cropped-icon_miranda.png","width":512,"height":512,"caption":"MIRANDA Atelier"},"image":{"@id":"https:\/\/mirandatelier.com\/#\/schema\/logo\/image\/"},"sameAs":["https:\/\/www.instagram.com\/mirandamrnd_\/"],"description":"Marca colombiana de zapatos en piel genuina que combina comodidad, estilo y dise\u00f1o atemporal. Descubre MIRANDA mrnd: step strong, live bold."}]}},"_links":{"self":[{"href":"https:\/\/mirandatelier.com\/en\/wp-json\/wp\/v2\/pages\/32","targetHints":{"allow":["GET"]}}],"collection":[{"href":"https:\/\/mirandatelier.com\/en\/wp-json\/wp\/v2\/pages"}],"about":[{"href":"https:\/\/mirandatelier.com\/en\/wp-json\/wp\/v2\/types\/page"}],"author":[{"embeddable":true,"href":"https:\/\/mirandatelier.com\/en\/wp-json\/wp\/v2\/users\/1"}],"replies":[{"embeddable":true,"href":"https:\/\/mirandatelier.com\/en\/wp-json\/wp\/v2\/comments?post=32"}],"version-history":[{"count":28,"href":"https:\/\/mirandatelier.com\/en\/wp-json\/wp\/v2\/pages\/32\/revisions"}],"predecessor-version":[{"id":2915,"href":"https:\/\/mirandatelier.com\/en\/wp-json\/wp\/v2\/pages\/32\/revisions\/2915"}],"wp:attachment":[{"href":"https:\/\/mirandatelier.com\/en\/wp-json\/wp\/v2\/media?parent=32"}],"curies":[{"name":"wp","href":"https:\/\/api.w.org\/{rel}","templated":true}]}}