{"id":3112,"date":"2025-10-23T15:06:14","date_gmt":"2025-10-23T20:06:14","guid":{"rendered":"https:\/\/darkslateblue-aardvark-801458.hostingersite.com\/?post_type=product&#038;p=3112"},"modified":"2025-10-24T09:49:54","modified_gmt":"2025-10-24T14:49:54","slug":"the-pocket-cross","status":"publish","type":"product","link":"https:\/\/mirandatelier.com\/en\/product\/the-pocket-cross\/","title":{"rendered":"The Pocket Cross"},"content":{"rendered":"<p class=\"ai-optimize-49 ai-optimize-introduction\" data-start=\"1313\" data-end=\"1350\">Minimalista, liviano y sofisticado.<\/p>\n<p class=\"ai-optimize-50\" data-start=\"1358\" data-end=\"1634\"><em data-start=\"1358\" data-end=\"1376\">The Pocket Cross<\/em> es el nuevo esencial de MIRANDA: un bolso en piel genuina que equilibra practicidad y dise\u00f1o atemporal. Su estructura compacta te permite llevar solo lo esencial: tel\u00e9fono, llaves y lipstick; sin perder el toque chic que define cada una de nuestras piezas.<\/p>\n<p class=\"ai-optimize-51\" data-start=\"1642\" data-end=\"1822\">Elaborado artesanalmente en Colombia, con acabados impecables, ideal para llevarlo al hombro o en la mano, es el compa\u00f1ero perfecto para una <em data-start=\"1796\" data-end=\"1820\">Miranda en movimiento.<\/em><\/p>\n<p class=\"ai-optimize-51\" data-start=\"1642\" data-end=\"1822\">\u2014 Disponible en tonos: Negro, Marfil, Cognac y Oliva.<br data-start=\"1955\" data-end=\"1958\" \/>\u2014 100% cuero genuino.<\/p>\n<p class=\"ai-optimize-54\" data-start=\"2027\" data-end=\"2078\">","protected":false},"excerpt":{"rendered":"<p class=\"ai-optimize-49 ai-optimize-introduction\" data-start=\"1313\" data-end=\"1350\">Minimalista, liviano y sofisticado.<\/p>\n<p class=\"ai-optimize-50\" data-start=\"1358\" data-end=\"1634\"><em data-start=\"1358\" data-end=\"1376\">The Pocket Cross<\/em> es el nuevo esencial de MIRANDA: un bolso en piel genuina que equilibra practicidad y dise\u00f1o atemporal. Su estructura compacta te permite llevar solo lo esencial: tel\u00e9fono, llaves y lipstick; sin perder el toque chic que define cada una de nuestras piezas.<\/p>\n<p class=\"ai-optimize-51\" data-start=\"1642\" data-end=\"1822\">Elaborado artesanalmente en Colombia, con acabados impecables, ideal para llevarlo al hombro o en la mano, es el compa\u00f1ero perfecto para una <em data-start=\"1796\" data-end=\"1820\">Miranda en movimiento.<\/em><\/p>\n<p class=\"ai-optimize-51\" data-start=\"1642\" data-end=\"1822\">\u2014 Disponible en tonos: Cognac, Marfil, Negro y Oliva.<br data-start=\"1955\" data-end=\"1958\" \/>\u2014 100% cuero genuino.<\/p>","protected":false},"featured_media":3121,"template":"","meta":{"_acf_changed":false},"etheme_brands":[],"product_brand":[],"product_cat":[79,80],"product_tag":[],"class_list":{"0":"post-3112","1":"product","2":"type-product","3":"status-publish","4":"has-post-thumbnail","6":"product_cat-bolsos","7":"product_cat-cross-body","9":"first","10":"instock","11":"shipping-taxable","12":"purchasable","13":"product-type-variable"},"acf":[],"yoast_head":"<!-- This site is optimized with the Yoast SEO Premium plugin v25.2 (Yoast SEO v25.2) - https:\/\/yoast.com\/wordpress\/plugins\/seo\/ -->\n<title>The Pocket Cross - MIRANDA Atelier<\/title>\n<meta name=\"description\" content=\"Marca colombiana de zapatos, bolsos y accesorios en cuero genuino. Piezas atemporales dise\u00f1adas para quienes eligen comodidad y estilo para pisar fuerte d\u00eda a d\u00eda.\" \/>\n<meta name=\"robots\" content=\"index, follow, max-snippet:-1, max-image-preview:large, max-video-preview:-1\" \/>\n<link rel=\"canonical\" href=\"https:\/\/mirandatelier.com\/en\/product\/the-pocket-cross\/\" \/>\n<meta property=\"og:locale\" content=\"en_US\" \/>\n<meta property=\"og:type\" content=\"article\" \/>\n<meta property=\"og:title\" content=\"The Pocket Cross - MIRANDA Atelier %\" \/>\n<meta property=\"og:description\" content=\"Marca colombiana de zapatos en piel genuina que combina comodidad, estilo y dise\u00f1o atemporal. Descubre MIRANDA mrnd: step strong, live bold.\" \/>\n<meta property=\"og:url\" content=\"https:\/\/mirandatelier.com\/en\/product\/the-pocket-cross\/\" \/>\n<meta property=\"og:site_name\" content=\"MIRANDA Atelier\" \/>\n<meta property=\"article:modified_time\" content=\"2025-10-24T14:49:54+00:00\" \/>\n<meta property=\"og:image\" content=\"https:\/\/mirandatelier.com\/wp-content\/uploads\/2025\/10\/IMG_8086-scaled.jpg\" \/>\n\t<meta property=\"og:image:width\" content=\"2048\" \/>\n\t<meta property=\"og:image:height\" content=\"2560\" \/>\n\t<meta property=\"og:image:type\" content=\"image\/jpeg\" \/>\n<meta name=\"twitter:card\" content=\"summary_large_image\" \/>\n<meta name=\"twitter:label1\" content=\"Est. reading time\" \/>\n\t<meta name=\"twitter:data1\" content=\"1 minute\" \/>\n<script type=\"application\/ld+json\" class=\"yoast-schema-graph\">{\"@context\":\"https:\/\/schema.org\",\"@graph\":[{\"@type\":\"WebPage\",\"@id\":\"https:\/\/mirandatelier.com\/producto\/the-pocket-cross\/\",\"url\":\"https:\/\/mirandatelier.com\/producto\/the-pocket-cross\/\",\"name\":\"The Pocket Cross - MIRANDA Atelier\",\"isPartOf\":{\"@id\":\"https:\/\/mirandatelier.com\/#website\"},\"primaryImageOfPage\":{\"@id\":\"https:\/\/mirandatelier.com\/producto\/the-pocket-cross\/#primaryimage\"},\"image\":{\"@id\":\"https:\/\/mirandatelier.com\/producto\/the-pocket-cross\/#primaryimage\"},\"thumbnailUrl\":\"https:\/\/mirandatelier.com\/wp-content\/uploads\/2025\/10\/IMG_8086-scaled.jpg\",\"datePublished\":\"2025-10-23T20:06:14+00:00\",\"dateModified\":\"2025-10-24T14:49:54+00:00\",\"description\":\"Marca colombiana de zapatos, bolsos y accesorios en cuero genuino. Piezas atemporales dise\u00f1adas para quienes eligen comodidad y estilo para pisar fuerte d\u00eda a d\u00eda.\",\"breadcrumb\":{\"@id\":\"https:\/\/mirandatelier.com\/producto\/the-pocket-cross\/#breadcrumb\"},\"inLanguage\":\"en-US\",\"potentialAction\":[{\"@type\":\"ReadAction\",\"target\":[\"https:\/\/mirandatelier.com\/producto\/the-pocket-cross\/\"]}]},{\"@type\":\"ImageObject\",\"inLanguage\":\"en-US\",\"@id\":\"https:\/\/mirandatelier.com\/producto\/the-pocket-cross\/#primaryimage\",\"url\":\"https:\/\/mirandatelier.com\/wp-content\/uploads\/2025\/10\/IMG_8086-scaled.jpg\",\"contentUrl\":\"https:\/\/mirandatelier.com\/wp-content\/uploads\/2025\/10\/IMG_8086-scaled.jpg\",\"width\":2048,\"height\":2560},{\"@type\":\"BreadcrumbList\",\"@id\":\"https:\/\/mirandatelier.com\/producto\/the-pocket-cross\/#breadcrumb\",\"itemListElement\":[{\"@type\":\"ListItem\",\"position\":1,\"name\":\"Home\",\"item\":\"https:\/\/mirandatelier.com\/\"},{\"@type\":\"ListItem\",\"position\":2,\"name\":\"Tienda\",\"item\":\"https:\/\/mirandatelier.com\/tienda\/\"},{\"@type\":\"ListItem\",\"position\":3,\"name\":\"The Pocket Cross\"}]},{\"@type\":\"WebSite\",\"@id\":\"https:\/\/mirandatelier.com\/#website\",\"url\":\"https:\/\/mirandatelier.com\/\",\"name\":\"MIRANDA Atelier\",\"description\":\"step strong, live bold.\",\"publisher\":{\"@id\":\"https:\/\/mirandatelier.com\/#organization\"},\"alternateName\":\"MRND\",\"potentialAction\":[{\"@type\":\"SearchAction\",\"target\":{\"@type\":\"EntryPoint\",\"urlTemplate\":\"https:\/\/mirandatelier.com\/?s={search_term_string}\"},\"query-input\":{\"@type\":\"PropertyValueSpecification\",\"valueRequired\":true,\"valueName\":\"search_term_string\"}}],\"inLanguage\":\"en-US\"},{\"@type\":\"Organization\",\"@id\":\"https:\/\/mirandatelier.com\/#organization\",\"name\":\"MIRANDA Atelier\",\"alternateName\":\"MRND\",\"url\":\"https:\/\/mirandatelier.com\/\",\"logo\":{\"@type\":\"ImageObject\",\"inLanguage\":\"en-US\",\"@id\":\"https:\/\/mirandatelier.com\/#\/schema\/logo\/image\/\",\"url\":\"https:\/\/darkslateblue-aardvark-801458.hostingersite.com\/wp-content\/uploads\/2025\/01\/cropped-icon_miranda.png\",\"contentUrl\":\"https:\/\/darkslateblue-aardvark-801458.hostingersite.com\/wp-content\/uploads\/2025\/01\/cropped-icon_miranda.png\",\"width\":512,\"height\":512,\"caption\":\"MIRANDA Atelier\"},\"image\":{\"@id\":\"https:\/\/mirandatelier.com\/#\/schema\/logo\/image\/\"},\"sameAs\":[\"https:\/\/www.instagram.com\/mirandamrnd_\/\"],\"description\":\"Marca colombiana de zapatos en piel genuina que combina comodidad, estilo y dise\u00f1o atemporal. Descubre MIRANDA mrnd: step strong, live bold.\"}]}<\/script>\n<!-- \/ Yoast SEO Premium plugin. -->","yoast_head_json":{"title":"The Pocket Cross - MIRANDA Atelier","description":"Marca colombiana de zapatos, bolsos y accesorios en cuero genuino. Piezas atemporales dise\u00f1adas para quienes eligen comodidad y estilo para pisar fuerte d\u00eda a d\u00eda.","robots":{"index":"index","follow":"follow","max-snippet":"max-snippet:-1","max-image-preview":"max-image-preview:large","max-video-preview":"max-video-preview:-1"},"canonical":"https:\/\/mirandatelier.com\/en\/product\/the-pocket-cross\/","og_locale":"en_US","og_type":"article","og_title":"The Pocket Cross - MIRANDA Atelier %","og_description":"Marca colombiana de zapatos en piel genuina que combina comodidad, estilo y dise\u00f1o atemporal. Descubre MIRANDA mrnd: step strong, live bold.","og_url":"https:\/\/mirandatelier.com\/en\/product\/the-pocket-cross\/","og_site_name":"MIRANDA Atelier","article_modified_time":"2025-10-24T14:49:54+00:00","og_image":[{"width":2048,"height":2560,"url":"https:\/\/mirandatelier.com\/wp-content\/uploads\/2025\/10\/IMG_8086-scaled.jpg","type":"image\/jpeg"}],"twitter_card":"summary_large_image","twitter_misc":{"Est. reading time":"1 minute"},"schema":{"@context":"https:\/\/schema.org","@graph":[{"@type":"WebPage","@id":"https:\/\/mirandatelier.com\/producto\/the-pocket-cross\/","url":"https:\/\/mirandatelier.com\/producto\/the-pocket-cross\/","name":"The Pocket Cross - MIRANDA Atelier","isPartOf":{"@id":"https:\/\/mirandatelier.com\/#website"},"primaryImageOfPage":{"@id":"https:\/\/mirandatelier.com\/producto\/the-pocket-cross\/#primaryimage"},"image":{"@id":"https:\/\/mirandatelier.com\/producto\/the-pocket-cross\/#primaryimage"},"thumbnailUrl":"https:\/\/mirandatelier.com\/wp-content\/uploads\/2025\/10\/IMG_8086-scaled.jpg","datePublished":"2025-10-23T20:06:14+00:00","dateModified":"2025-10-24T14:49:54+00:00","description":"Marca colombiana de zapatos, bolsos y accesorios en cuero genuino. Piezas atemporales dise\u00f1adas para quienes eligen comodidad y estilo para pisar fuerte d\u00eda a d\u00eda.","breadcrumb":{"@id":"https:\/\/mirandatelier.com\/producto\/the-pocket-cross\/#breadcrumb"},"inLanguage":"en-US","potentialAction":[{"@type":"ReadAction","target":["https:\/\/mirandatelier.com\/producto\/the-pocket-cross\/"]}]},{"@type":"ImageObject","inLanguage":"en-US","@id":"https:\/\/mirandatelier.com\/producto\/the-pocket-cross\/#primaryimage","url":"https:\/\/mirandatelier.com\/wp-content\/uploads\/2025\/10\/IMG_8086-scaled.jpg","contentUrl":"https:\/\/mirandatelier.com\/wp-content\/uploads\/2025\/10\/IMG_8086-scaled.jpg","width":2048,"height":2560},{"@type":"BreadcrumbList","@id":"https:\/\/mirandatelier.com\/producto\/the-pocket-cross\/#breadcrumb","itemListElement":[{"@type":"ListItem","position":1,"name":"Home","item":"https:\/\/mirandatelier.com\/"},{"@type":"ListItem","position":2,"name":"Tienda","item":"https:\/\/mirandatelier.com\/tienda\/"},{"@type":"ListItem","position":3,"name":"The Pocket Cross"}]},{"@type":"WebSite","@id":"https:\/\/mirandatelier.com\/#website","url":"https:\/\/mirandatelier.com\/","name":"MIRANDA Atelier","description":"step strong, live bold.","publisher":{"@id":"https:\/\/mirandatelier.com\/#organization"},"alternateName":"MRND","potentialAction":[{"@type":"SearchAction","target":{"@type":"EntryPoint","urlTemplate":"https:\/\/mirandatelier.com\/?s={search_term_string}"},"query-input":{"@type":"PropertyValueSpecification","valueRequired":true,"valueName":"search_term_string"}}],"inLanguage":"en-US"},{"@type":"Organization","@id":"https:\/\/mirandatelier.com\/#organization","name":"MIRANDA Atelier","alternateName":"MRND","url":"https:\/\/mirandatelier.com\/","logo":{"@type":"ImageObject","inLanguage":"en-US","@id":"https:\/\/mirandatelier.com\/#\/schema\/logo\/image\/","url":"https:\/\/darkslateblue-aardvark-801458.hostingersite.com\/wp-content\/uploads\/2025\/01\/cropped-icon_miranda.png","contentUrl":"https:\/\/darkslateblue-aardvark-801458.hostingersite.com\/wp-content\/uploads\/2025\/01\/cropped-icon_miranda.png","width":512,"height":512,"caption":"MIRANDA Atelier"},"image":{"@id":"https:\/\/mirandatelier.com\/#\/schema\/logo\/image\/"},"sameAs":["https:\/\/www.instagram.com\/mirandamrnd_\/"],"description":"Marca colombiana de zapatos en piel genuina que combina comodidad, estilo y dise\u00f1o atemporal. Descubre MIRANDA mrnd: step strong, live bold."}]}},"_links":{"self":[{"href":"https:\/\/mirandatelier.com\/en\/wp-json\/wp\/v2\/product\/3112","targetHints":{"allow":["GET"]}}],"collection":[{"href":"https:\/\/mirandatelier.com\/en\/wp-json\/wp\/v2\/product"}],"about":[{"href":"https:\/\/mirandatelier.com\/en\/wp-json\/wp\/v2\/types\/product"}],"version-history":[{"count":5,"href":"https:\/\/mirandatelier.com\/en\/wp-json\/wp\/v2\/product\/3112\/revisions"}],"predecessor-version":[{"id":3139,"href":"https:\/\/mirandatelier.com\/en\/wp-json\/wp\/v2\/product\/3112\/revisions\/3139"}],"wp:featuredmedia":[{"embeddable":true,"href":"https:\/\/mirandatelier.com\/en\/wp-json\/wp\/v2\/media\/3121"}],"wp:attachment":[{"href":"https:\/\/mirandatelier.com\/en\/wp-json\/wp\/v2\/media?parent=3112"}],"wp:term":[{"taxonomy":"brand","embeddable":true,"href":"https:\/\/mirandatelier.com\/en\/wp-json\/wp\/v2\/etheme_brands?post=3112"},{"taxonomy":"product_brand","embeddable":true,"href":"https:\/\/mirandatelier.com\/en\/wp-json\/wp\/v2\/product_brand?post=3112"},{"taxonomy":"product_cat","embeddable":true,"href":"https:\/\/mirandatelier.com\/en\/wp-json\/wp\/v2\/product_cat?post=3112"},{"taxonomy":"product_tag","embeddable":true,"href":"https:\/\/mirandatelier.com\/en\/wp-json\/wp\/v2\/product_tag?post=3112"}],"curies":[{"name":"wp","href":"https:\/\/api.w.org\/{rel}","templated":true}]}}